{"id":5708,"date":"2020-02-20T15:47:47","date_gmt":"2020-02-20T15:47:47","guid":{"rendered":"https:\/\/ld-wp73.template-help.com\/wordpress\/prod_8771\/v3\/?page_id=5708"},"modified":"2024-10-07T14:09:49","modified_gmt":"2024-10-07T11:09:49","slug":"keevitustood","status":"publish","type":"page","link":"https:\/\/anchor.ee\/en\/welding\/","title":{"rendered":"Welding"},"content":{"rendered":"\t\t<div data-elementor-type=\"wp-page\" data-elementor-id=\"5708\" class=\"elementor elementor-5708\" data-elementor-post-type=\"page\">\n\t\t\t\t\t\t<section class=\"elementor-section elementor-top-section elementor-element elementor-element-b3d098e elementor-section-boxed elementor-section-height-default elementor-section-height-default\" data-id=\"b3d098e\" data-element_type=\"section\" data-e-type=\"section\" data-settings=\"{&quot;background_background&quot;:&quot;classic&quot;,&quot;jet_parallax_layout_list&quot;:[{&quot;jet_parallax_layout_image&quot;:{&quot;url&quot;:&quot;&quot;,&quot;id&quot;:&quot;&quot;,&quot;size&quot;:&quot;&quot;},&quot;_id&quot;:&quot;1abd0d2&quot;,&quot;jet_parallax_layout_image_tablet&quot;:{&quot;url&quot;:&quot;&quot;,&quot;id&quot;:&quot;&quot;,&quot;size&quot;:&quot;&quot;},&quot;jet_parallax_layout_image_mobile&quot;:{&quot;url&quot;:&quot;&quot;,&quot;id&quot;:&quot;&quot;,&quot;size&quot;:&quot;&quot;},&quot;jet_parallax_layout_speed&quot;:{&quot;unit&quot;:&quot;%&quot;,&quot;size&quot;:50,&quot;sizes&quot;:[]},&quot;jet_parallax_layout_type&quot;:&quot;scroll&quot;,&quot;jet_parallax_layout_direction&quot;:null,&quot;jet_parallax_layout_fx_direction&quot;:null,&quot;jet_parallax_layout_z_index&quot;:&quot;&quot;,&quot;jet_parallax_layout_bg_x&quot;:50,&quot;jet_parallax_layout_bg_x_tablet&quot;:&quot;&quot;,&quot;jet_parallax_layout_bg_x_mobile&quot;:&quot;&quot;,&quot;jet_parallax_layout_bg_y&quot;:50,&quot;jet_parallax_layout_bg_y_tablet&quot;:&quot;&quot;,&quot;jet_parallax_layout_bg_y_mobile&quot;:&quot;&quot;,&quot;jet_parallax_layout_bg_size&quot;:&quot;auto&quot;,&quot;jet_parallax_layout_bg_size_tablet&quot;:&quot;&quot;,&quot;jet_parallax_layout_bg_size_mobile&quot;:&quot;&quot;,&quot;jet_parallax_layout_animation_prop&quot;:&quot;transform&quot;,&quot;jet_parallax_layout_on&quot;:[&quot;desktop&quot;,&quot;tablet&quot;]}]}\">\n\t\t\t\t\t\t<div class=\"elementor-container elementor-column-gap-default\">\n\t\t\t\t\t<div class=\"elementor-column elementor-col-100 elementor-top-column elementor-element elementor-element-4108c070\" data-id=\"4108c070\" data-element_type=\"column\" data-e-type=\"column\">\n\t\t\t<div class=\"elementor-widget-wrap elementor-element-populated\">\n\t\t\t\t\t\t<div class=\"elementor-element elementor-element-488e33b0 boolet elementor-widget elementor-widget-heading\" data-id=\"488e33b0\" data-element_type=\"widget\" data-e-type=\"widget\" data-widget_type=\"heading.default\">\n\t\t\t\t<div class=\"elementor-widget-container\">\n\t\t\t\t\t<h2 class=\"elementor-heading-title elementor-size-default\">Keevitust\u00f6\u00f6d<\/h2>\t\t\t\t<\/div>\n\t\t\t\t<\/div>\n\t\t\t\t<section class=\"elementor-section elementor-inner-section elementor-element elementor-element-e623427 elementor-section-boxed elementor-section-height-default elementor-section-height-default\" data-id=\"e623427\" data-element_type=\"section\" data-e-type=\"section\" data-settings=\"{&quot;jet_parallax_layout_list&quot;:[{&quot;jet_parallax_layout_image&quot;:{&quot;url&quot;:&quot;&quot;,&quot;id&quot;:&quot;&quot;,&quot;size&quot;:&quot;&quot;},&quot;_id&quot;:&quot;182464d&quot;,&quot;jet_parallax_layout_image_tablet&quot;:{&quot;url&quot;:&quot;&quot;,&quot;id&quot;:&quot;&quot;,&quot;size&quot;:&quot;&quot;},&quot;jet_parallax_layout_image_mobile&quot;:{&quot;url&quot;:&quot;&quot;,&quot;id&quot;:&quot;&quot;,&quot;size&quot;:&quot;&quot;},&quot;jet_parallax_layout_speed&quot;:{&quot;unit&quot;:&quot;%&quot;,&quot;size&quot;:50,&quot;sizes&quot;:[]},&quot;jet_parallax_layout_type&quot;:&quot;scroll&quot;,&quot;jet_parallax_layout_direction&quot;:null,&quot;jet_parallax_layout_fx_direction&quot;:null,&quot;jet_parallax_layout_z_index&quot;:&quot;&quot;,&quot;jet_parallax_layout_bg_x&quot;:50,&quot;jet_parallax_layout_bg_x_tablet&quot;:&quot;&quot;,&quot;jet_parallax_layout_bg_x_mobile&quot;:&quot;&quot;,&quot;jet_parallax_layout_bg_y&quot;:50,&quot;jet_parallax_layout_bg_y_tablet&quot;:&quot;&quot;,&quot;jet_parallax_layout_bg_y_mobile&quot;:&quot;&quot;,&quot;jet_parallax_layout_bg_size&quot;:&quot;auto&quot;,&quot;jet_parallax_layout_bg_size_tablet&quot;:&quot;&quot;,&quot;jet_parallax_layout_bg_size_mobile&quot;:&quot;&quot;,&quot;jet_parallax_layout_animation_prop&quot;:&quot;transform&quot;,&quot;jet_parallax_layout_on&quot;:[&quot;desktop&quot;,&quot;tablet&quot;]}]}\">\n\t\t\t\t\t\t<div class=\"elementor-container elementor-column-gap-default\">\n\t\t\t\t\t<div class=\"elementor-column elementor-col-50 elementor-inner-column elementor-element elementor-element-47e5707a\" data-id=\"47e5707a\" data-element_type=\"column\" data-e-type=\"column\">\n\t\t\t<div class=\"elementor-widget-wrap elementor-element-populated\">\n\t\t\t\t\t\t<div class=\"elementor-element elementor-element-34fe4c00 elementor-widget elementor-widget-image\" data-id=\"34fe4c00\" data-element_type=\"widget\" data-e-type=\"widget\" data-widget_type=\"image.default\">\n\t\t\t\t<div class=\"elementor-widget-container\">\n\t\t\t\t\t\t\t\t\t\t\t\t\t\t\t<img fetchpriority=\"high\" decoding=\"async\" width=\"570\" height=\"450\" src=\"https:\/\/anchor.ee\/wp-content\/uploads\/2024\/10\/two-handyman-welding_anchor_keskmine-570x450.jpg\" class=\"attachment-kava-thumb-m-2 size-kava-thumb-m-2 wp-image-6948\" alt=\"keevitust\u00f6\u00f6d\" \/>\t\t\t\t\t\t\t\t\t\t\t\t\t\t\t<\/div>\n\t\t\t\t<\/div>\n\t\t\t\t\t<\/div>\n\t\t<\/div>\n\t\t\t\t<div class=\"elementor-column elementor-col-50 elementor-inner-column elementor-element elementor-element-49d5d11e\" data-id=\"49d5d11e\" data-element_type=\"column\" data-e-type=\"column\">\n\t\t\t<div class=\"elementor-widget-wrap elementor-element-populated\">\n\t\t\t\t\t\t<div class=\"elementor-element elementor-element-101f2048 elementor-widget elementor-widget-heading\" data-id=\"101f2048\" data-element_type=\"widget\" data-e-type=\"widget\" data-widget_type=\"heading.default\">\n\t\t\t\t<div class=\"elementor-widget-container\">\n\t\t\t\t\t<h3 class=\"elementor-heading-title elementor-size-default\">Sulatame perfektselt<\/h3>\t\t\t\t<\/div>\n\t\t\t\t<\/div>\n\t\t\t\t<div class=\"elementor-element elementor-element-48a182ab elementor-widget elementor-widget-text-editor\" data-id=\"48a182ab\" data-element_type=\"widget\" data-e-type=\"widget\" data-widget_type=\"text-editor.default\">\n\t\t\t\t<div class=\"elementor-widget-container\">\n\t\t\t\t\t\t\t\t\t<p>Meie keevitusteenused h\u00f5lmavad laia valikut erinevate metallide t\u00f6\u00f6tlemist ja \u00fchendamist, pakkudes t\u00e4pset ja vastupidavat tulemust. T\u00f6\u00f6tame nii <strong>teras<\/strong>, <strong>alumiinium<\/strong> kui ka <strong>roostevaba terasega<\/strong>, v\u00f5imaldades teenindada erinevate t\u00f6\u00f6stusharude vajadusi.<\/p><p>Kasutame mitmeid keevitustehnoloogiaid, sealhulgas <strong>MIG <\/strong>ja<strong> TIG<\/strong>\u00a0 keevitusmeetodeid, mis tagavad kvaliteetsed ja tugevad \u00fchendused.<\/p><p>Keevitust\u00f6id teeme nii v\u00e4ikestele detailidele kui ka suurematele konstruktsioonidele, pakkudes paindlikke lahendusi erinevate projektide jaoks. Samuti oleme valmis katma vajadusi \u00fcksikute detailide tootmiseks v\u00f5i suuremahulisi tootmisseeriaid, keskendudes kvaliteedile siiski \u00fchtemoodi.<\/p>\t\t\t\t\t\t\t\t<\/div>\n\t\t\t\t<\/div>\n\t\t\t\t\t<\/div>\n\t\t<\/div>\n\t\t\t\t\t<\/div>\n\t\t<\/section>\n\t\t\t\t<div class=\"elementor-element elementor-element-26d3b949 elementor-widget elementor-widget-heading\" data-id=\"26d3b949\" data-element_type=\"widget\" data-e-type=\"widget\" data-widget_type=\"heading.default\">\n\t\t\t\t<div class=\"elementor-widget-container\">\n\t\t\t\t\t<h2 class=\"elementor-heading-title elementor-size-default\">Keevitusmaterjalid ja tehnoloogiad<\/h2>\t\t\t\t<\/div>\n\t\t\t\t<\/div>\n\t\t\t\t<div class=\"elementor-element elementor-element-1bea9446 elementor-widget elementor-widget-text-editor\" data-id=\"1bea9446\" data-element_type=\"widget\" data-e-type=\"widget\" data-widget_type=\"text-editor.default\">\n\t\t\t\t<div class=\"elementor-widget-container\">\n\t\t\t\t\t\t\t\t\t<p>Meie keevitusteenustes t\u00f6\u00f6tame laia valiku materjalidega, sealhulgas teras, roostevaba teras, alumiinium ja erinevad sulamid. K\u00f5ik materjalid n\u00f5uavad t\u00e4pseid ja kohandatud t\u00f6\u00f6v\u00f5tteid, et saavutada tugevad ja vastupidavad \u00fchendused. Keevitust\u00f6\u00f6d, mida teostame, sobivad ideaalselt nii \u00f5hukeste metallplaatide kui ka paksemate konstruktsioonide jaoks, olgu tegu t\u00f6\u00f6stuslike projektide v\u00f5i eritellimust\u00f6\u00f6dega.<\/p><p>T\u00f6\u00f6tame mitme keevitustehnoloogiga, et rahuldada erinevaid vajadusi:<\/p><ul><li>MIG-keevitus (Metalligaaskeevitus) sobib h\u00e4sti terase ja alumiiniumi keevitamiseks, pakkudes kiiret ja efektiivset meetodit suurte konstruktsioonide ja seeriat\u00f6\u00f6de jaoks.<\/li><li>TIG-keevitus (volframigaaskeevitus) on eelistatud meetod kui on vaja t\u00e4pseid ja kvaliteetseid keevis\u00f5mblusi, eriti roostevaba terase ja alumiiniumi puhul.<\/li><\/ul><p>T\u00e4nu tehnoloogiate variatsioonile suudame t\u00e4ita erinevaid keevitust\u00f6id s\u00f5ltuvalt projekti vajadustest, tagades alati tugeva ja kvaliteetse tulemuse ja projekti eesm\u00e4rgi.<\/p>\t\t\t\t\t\t\t\t<\/div>\n\t\t\t\t<\/div>\n\t\t\t\t<div class=\"elementor-element elementor-element-528cc34e elementor-widget elementor-widget-heading\" data-id=\"528cc34e\" data-element_type=\"widget\" data-e-type=\"widget\" data-widget_type=\"heading.default\">\n\t\t\t\t<div class=\"elementor-widget-container\">\n\t\t\t\t\t<h2 class=\"elementor-heading-title elementor-size-default\">Keevitust\u00f6\u00f6de t\u00e4psus ja kvaliteet<\/h2>\t\t\t\t<\/div>\n\t\t\t\t<\/div>\n\t\t\t\t<div class=\"elementor-element elementor-element-2d6c7164 elementor-widget elementor-widget-text-editor\" data-id=\"2d6c7164\" data-element_type=\"widget\" data-e-type=\"widget\" data-widget_type=\"text-editor.default\">\n\t\t\t\t<div class=\"elementor-widget-container\">\n\t\t\t\t\t\t\t\t\t<p>Keevitust\u00f6\u00f6de puhul on t\u00e4psus ja kvaliteet meie t\u00f6\u00f6de olulisim v\u00e4\u00e4rtus. Keevis\u00fchenduste tugevus ja vastupidavus s\u00f5ltuvad otseselt keevitustehnikate valikust, kvaliteedist ning t\u00e4psusest, millega keevitusprotsessi juhitakse. Meie meeskonnas on kogenud keevitajad, kes v\u00e4\u00e4rtustavad kvaliteeti ja t\u00e4iuslikke keevis\u00f5mbluseid.<\/p><p>T\u00e4psus on eriti oluline, kui t\u00f6\u00f6tleme keerulisi konstruktsioone v\u00f5i kui keevis peab taluma suuri koormusi ja pingeid. P\u00f5hjalik planeerimine ja t\u00e4pne t\u00f6\u00f6tlus aitab meil v\u00e4ltida deformatsioone, pragusid ja muude keevisvigade tekkimise v\u00f5imalusi, mis v\u00f5ivad ohustada kas valmistoote funktsionaalsust v\u00f5i ohutust. Iga keevisprotsessi k\u00e4igus j\u00e4lgime hoolikalt k\u00f5iki olulisi praktikaid ja n\u00f5udeid, et tagada parim v\u00f5imalik tulemus.<\/p><p>Lisaks sellele kasutame keevis\u00f5mbluste kvaliteedi hindamiseks erinevaid testimis- ja kontrollimeetodeid, mis tagavad, et iga \u00fchendus vastab klientide n\u00f5udmistele ja projektispetsiifikale. Olenemata projekti suurusest v\u00f5i keerukusest tagame, et iga keevis on vastupidav ja t\u00e4pne, pakkudes kliendile usaldusv\u00e4\u00e4rset ja pikaealist lahendust.<\/p>\t\t\t\t\t\t\t\t<\/div>\n\t\t\t\t<\/div>\n\t\t\t\t<div class=\"elementor-element elementor-element-a7a4800 elementor-widget elementor-widget-heading\" data-id=\"a7a4800\" data-element_type=\"widget\" data-e-type=\"widget\" data-widget_type=\"heading.default\">\n\t\t\t\t<div class=\"elementor-widget-container\">\n\t\t\t\t\t<h2 class=\"elementor-heading-title elementor-size-default\">Keevitust\u00f6\u00f6d suurema projekti osana<\/h2>\t\t\t\t<\/div>\n\t\t\t\t<\/div>\n\t\t\t\t<div class=\"elementor-element elementor-element-30de2182 elementor-widget elementor-widget-text-editor\" data-id=\"30de2182\" data-element_type=\"widget\" data-e-type=\"widget\" data-widget_type=\"text-editor.default\">\n\t\t\t\t<div class=\"elementor-widget-container\">\n\t\t\t\t\t\t\t\t\t<p>Meie keevitusteenused on sageli osa suuremast tootmisprotsessist, kus kombineerime keevitust teiste metallit\u00f6\u00f6tlusviisidega, nagu <strong>treimine<\/strong>, <strong>freesimine<\/strong> ja <strong>saagimine<\/strong>. See integreeritud l\u00e4henemine v\u00f5imaldab meil pakkuda terviklahendusi keerukatele projektidele, kus on vaja mitut t\u00f6\u00f6tlusetappi ja erinevaid tehnoloogiaid.<\/p><p>N\u00e4iteks, kui projekt vajab t\u00e4pseid keevitatud konstruktsioone koos treitud v\u00f5i freesitud komponentidega, saame hallata k\u00f5iki etappe \u00fche katuse all, v\u00e4hendades nii kulusid kui ka ajakulu. Keevitust\u00f6id saab h\u00f5lpsalt kombineerida CNC-t\u00f6\u00f6tlusega, pakkudes terviklikku lahendust alates tooriku l\u00f5ikamisest ja t\u00f6\u00f6tlemisest kuni keevitamise ja l\u00f5pliku viimistluseni.<\/p>\t\t\t\t\t\t\t\t<\/div>\n\t\t\t\t<\/div>\n\t\t\t\t\t<\/div>\n\t\t<\/div>\n\t\t\t\t\t<\/div>\n\t\t<\/section>\n\t\t\t\t<section class=\"elementor-section elementor-top-section elementor-element elementor-element-fe71c05 elementor-section-boxed elementor-section-height-default elementor-section-height-default\" data-id=\"fe71c05\" data-element_type=\"section\" data-e-type=\"section\" data-settings=\"{&quot;background_background&quot;:&quot;classic&quot;,&quot;jet_parallax_layout_list&quot;:[{&quot;jet_parallax_layout_image&quot;:{&quot;url&quot;:&quot;&quot;,&quot;id&quot;:&quot;&quot;,&quot;size&quot;:&quot;&quot;},&quot;_id&quot;:&quot;ecff0dd&quot;,&quot;jet_parallax_layout_image_tablet&quot;:{&quot;url&quot;:&quot;&quot;,&quot;id&quot;:&quot;&quot;,&quot;size&quot;:&quot;&quot;},&quot;jet_parallax_layout_image_mobile&quot;:{&quot;url&quot;:&quot;&quot;,&quot;id&quot;:&quot;&quot;,&quot;size&quot;:&quot;&quot;},&quot;jet_parallax_layout_speed&quot;:{&quot;unit&quot;:&quot;%&quot;,&quot;size&quot;:50,&quot;sizes&quot;:[]},&quot;jet_parallax_layout_type&quot;:&quot;scroll&quot;,&quot;jet_parallax_layout_direction&quot;:null,&quot;jet_parallax_layout_fx_direction&quot;:null,&quot;jet_parallax_layout_z_index&quot;:&quot;&quot;,&quot;jet_parallax_layout_bg_x&quot;:50,&quot;jet_parallax_layout_bg_x_tablet&quot;:&quot;&quot;,&quot;jet_parallax_layout_bg_x_mobile&quot;:&quot;&quot;,&quot;jet_parallax_layout_bg_y&quot;:50,&quot;jet_parallax_layout_bg_y_tablet&quot;:&quot;&quot;,&quot;jet_parallax_layout_bg_y_mobile&quot;:&quot;&quot;,&quot;jet_parallax_layout_bg_size&quot;:&quot;auto&quot;,&quot;jet_parallax_layout_bg_size_tablet&quot;:&quot;&quot;,&quot;jet_parallax_layout_bg_size_mobile&quot;:&quot;&quot;,&quot;jet_parallax_layout_animation_prop&quot;:&quot;transform&quot;,&quot;jet_parallax_layout_on&quot;:[&quot;desktop&quot;,&quot;tablet&quot;]}]}\">\n\t\t\t\t\t\t<div class=\"elementor-container elementor-column-gap-default\">\n\t\t\t\t\t<div class=\"elementor-column elementor-col-100 elementor-top-column elementor-element elementor-element-7a0e8509\" data-id=\"7a0e8509\" data-element_type=\"column\" data-e-type=\"column\">\n\t\t\t<div class=\"elementor-widget-wrap elementor-element-populated\">\n\t\t\t\t\t\t<div class=\"elementor-element elementor-element-55f6878e elementor-widget__width-initial elementor-widget elementor-widget-heading\" data-id=\"55f6878e\" data-element_type=\"widget\" data-e-type=\"widget\" data-widget_type=\"heading.default\">\n\t\t\t\t<div class=\"elementor-widget-container\">\n\t\t\t\t\t<h3 class=\"elementor-heading-title elementor-size-default\">Lai valik metallit\u00f6id, mis valmivad<br> kiirelt ja kvaliteetselt!<\/h3>\t\t\t\t<\/div>\n\t\t\t\t<\/div>\n\t\t\t\t<div class=\"elementor-element elementor-element-f8de8ee elementor-align-center elementor-widget elementor-widget-button\" data-id=\"f8de8ee\" data-element_type=\"widget\" data-e-type=\"widget\" data-widget_type=\"button.default\">\n\t\t\t\t<div class=\"elementor-widget-container\">\n\t\t\t\t\t\t\t\t\t<div class=\"elementor-button-wrapper\">\n\t\t\t\t\t<a class=\"elementor-button elementor-button-link elementor-size-sm\" href=\"\/kontakt\">\n\t\t\t\t\t\t<span class=\"elementor-button-content-wrapper\">\n\t\t\t\t\t\t\t\t\t<span class=\"elementor-button-text\">Teeme konsultatsiooni<\/span>\n\t\t\t\t\t<\/span>\n\t\t\t\t\t<\/a>\n\t\t\t\t<\/div>\n\t\t\t\t\t\t\t\t<\/div>\n\t\t\t\t<\/div>\n\t\t\t\t\t<\/div>\n\t\t<\/div>\n\t\t\t\t\t<\/div>\n\t\t<\/section>\n\t\t\t\t<\/div>\n\t\t","protected":false},"excerpt":{"rendered":"<p>Keevitust\u00f6\u00f6d Sulatame perfektselt Meie keevitusteenused h\u00f5lmavad laia valikut erinevate metallide t\u00f6\u00f6tlemist ja \u00fchendamist, pakkudes t\u00e4pset ja vastupidavat tulemust. T\u00f6\u00f6tame nii teras, alumiinium kui ka roostevaba terasega, v\u00f5imaldades teenindada erinevate t\u00f6\u00f6stusharude vajadusi. Kasutame mitmeid keevitustehnoloogiaid, sealhulgas MIG ja TIG\u00a0 keevitusmeetodeid, mis tagavad kvaliteetsed ja tugevad \u00fchendused. Keevitust\u00f6id teeme nii v\u00e4ikestele detailidele kui ka suurematele konstruktsioonidele, pakkudes [&hellip;]<\/p>\n","protected":false},"author":1,"featured_media":6935,"parent":0,"menu_order":0,"comment_status":"closed","ping_status":"closed","template":"page-templates\/fullwidth-content.php","meta":{"footnotes":""},"class_list":["post-5708","page","type-page","status-publish","has-post-thumbnail","hentry"],"yoast_head":"<!-- This site is optimized with the Yoast SEO plugin v27.5 - https:\/\/yoast.com\/product\/yoast-seo-wordpress\/ -->\n<title>Keevitust\u00f6\u00f6d - Anchor Metal Works<\/title>\n<meta name=\"description\" content=\"Pakume laia valikut keevitust\u00f6id, sealhulgas MIG ja TIG meetodeid, tagades t\u00e4psed ja tugevad \u00fchendused erinevatest metallidest, sealhulgas terasest ja alumiiniumist.\" \/>\n<meta name=\"robots\" content=\"index, follow, max-snippet:-1, max-image-preview:large, max-video-preview:-1\" \/>\n<link rel=\"canonical\" href=\"https:\/\/anchor.ee\/en\/welding\/\" \/>\n<meta property=\"og:locale\" content=\"en_GB\" \/>\n<meta property=\"og:type\" content=\"article\" \/>\n<meta property=\"og:title\" content=\"Keevitust\u00f6\u00f6d - Anchor Metal Works\" \/>\n<meta property=\"og:description\" content=\"Pakume laia valikut keevitust\u00f6id, sealhulgas MIG ja TIG meetodeid, tagades t\u00e4psed ja tugevad \u00fchendused erinevatest metallidest, sealhulgas terasest ja alumiiniumist.\" \/>\n<meta property=\"og:url\" content=\"https:\/\/anchor.ee\/en\/welding\/\" \/>\n<meta property=\"og:site_name\" content=\"Anchor Metal Works\" \/>\n<meta property=\"article:publisher\" content=\"https:\/\/www.facebook.com\/p\/Anchor-Valves-Fittings-O-100070870747424\/\" \/>\n<meta property=\"article:modified_time\" content=\"2024-10-07T11:09:49+00:00\" \/>\n<meta property=\"og:image\" content=\"https:\/\/anchor.ee\/wp-content\/uploads\/2019\/10\/Artboard-2-e1727173379714.png\" \/>\n\t<meta property=\"og:image:width\" content=\"300\" \/>\n\t<meta property=\"og:image:height\" content=\"169\" \/>\n\t<meta property=\"og:image:type\" content=\"image\/png\" \/>\n<meta name=\"twitter:card\" content=\"summary_large_image\" \/>\n<meta name=\"twitter:label1\" content=\"Estimated reading time\" \/>\n\t<meta name=\"twitter:data1\" content=\"3 minutes\" \/>\n<script type=\"application\/ld+json\" class=\"yoast-schema-graph\">{\"@context\":\"https:\\\/\\\/schema.org\",\"@graph\":[{\"@type\":\"WebPage\",\"@id\":\"https:\\\/\\\/anchor.ee\\\/keevitustood\\\/\",\"url\":\"https:\\\/\\\/anchor.ee\\\/keevitustood\\\/\",\"name\":\"Keevitust\u00f6\u00f6d - Anchor Metal Works\",\"isPartOf\":{\"@id\":\"https:\\\/\\\/anchor.ee\\\/#website\"},\"primaryImageOfPage\":{\"@id\":\"https:\\\/\\\/anchor.ee\\\/keevitustood\\\/#primaryimage\"},\"image\":{\"@id\":\"https:\\\/\\\/anchor.ee\\\/keevitustood\\\/#primaryimage\"},\"thumbnailUrl\":\"https:\\\/\\\/anchor.ee\\\/wp-content\\\/uploads\\\/2024\\\/10\\\/Anchor_must.svg\",\"datePublished\":\"2020-02-20T15:47:47+00:00\",\"dateModified\":\"2024-10-07T11:09:49+00:00\",\"description\":\"Pakume laia valikut keevitust\u00f6id, sealhulgas MIG ja TIG meetodeid, tagades t\u00e4psed ja tugevad \u00fchendused erinevatest metallidest, sealhulgas terasest ja alumiiniumist.\",\"breadcrumb\":{\"@id\":\"https:\\\/\\\/anchor.ee\\\/keevitustood\\\/#breadcrumb\"},\"inLanguage\":\"en-GB\",\"potentialAction\":[{\"@type\":\"ReadAction\",\"target\":[\"https:\\\/\\\/anchor.ee\\\/keevitustood\\\/\"]}]},{\"@type\":\"ImageObject\",\"inLanguage\":\"en-GB\",\"@id\":\"https:\\\/\\\/anchor.ee\\\/keevitustood\\\/#primaryimage\",\"url\":\"https:\\\/\\\/anchor.ee\\\/wp-content\\\/uploads\\\/2024\\\/10\\\/Anchor_must.svg\",\"contentUrl\":\"https:\\\/\\\/anchor.ee\\\/wp-content\\\/uploads\\\/2024\\\/10\\\/Anchor_must.svg\",\"width\":512,\"height\":512,\"caption\":\"Logo\"},{\"@type\":\"BreadcrumbList\",\"@id\":\"https:\\\/\\\/anchor.ee\\\/keevitustood\\\/#breadcrumb\",\"itemListElement\":[{\"@type\":\"ListItem\",\"position\":1,\"name\":\"Home\",\"item\":\"https:\\\/\\\/anchor.ee\\\/\"},{\"@type\":\"ListItem\",\"position\":2,\"name\":\"Keevitust\u00f6\u00f6d\"}]},{\"@type\":\"WebSite\",\"@id\":\"https:\\\/\\\/anchor.ee\\\/#website\",\"url\":\"https:\\\/\\\/anchor.ee\\\/\",\"name\":\"Anchor Metal Works\",\"description\":\"Metallist v&auml;&auml;rtust luues\",\"publisher\":{\"@id\":\"https:\\\/\\\/anchor.ee\\\/#organization\"},\"potentialAction\":[{\"@type\":\"SearchAction\",\"target\":{\"@type\":\"EntryPoint\",\"urlTemplate\":\"https:\\\/\\\/anchor.ee\\\/?s={search_term_string}\"},\"query-input\":{\"@type\":\"PropertyValueSpecification\",\"valueRequired\":true,\"valueName\":\"search_term_string\"}}],\"inLanguage\":\"en-GB\"},{\"@type\":\"Organization\",\"@id\":\"https:\\\/\\\/anchor.ee\\\/#organization\",\"name\":\"Anchor Metal Works\",\"url\":\"https:\\\/\\\/anchor.ee\\\/\",\"logo\":{\"@type\":\"ImageObject\",\"inLanguage\":\"en-GB\",\"@id\":\"https:\\\/\\\/anchor.ee\\\/#\\\/schema\\\/logo\\\/image\\\/\",\"url\":\"https:\\\/\\\/anchor.ee\\\/wp-content\\\/uploads\\\/2024\\\/10\\\/Anchor_must.svg\",\"contentUrl\":\"https:\\\/\\\/anchor.ee\\\/wp-content\\\/uploads\\\/2024\\\/10\\\/Anchor_must.svg\",\"width\":512,\"height\":512,\"caption\":\"Anchor Metal Works\"},\"image\":{\"@id\":\"https:\\\/\\\/anchor.ee\\\/#\\\/schema\\\/logo\\\/image\\\/\"},\"sameAs\":[\"https:\\\/\\\/www.facebook.com\\\/p\\\/Anchor-Valves-Fittings-O-100070870747424\\\/\"]}]}<\/script>\n<!-- \/ Yoast SEO plugin. -->","yoast_head_json":{"title":"Welding - Anchor Metal Works","description":"We offer a wide range of welding services, including MIG and TIG methods, ensuring accurate and strong joints in a variety of metals, including steel and aluminium.","robots":{"index":"index","follow":"follow","max-snippet":"max-snippet:-1","max-image-preview":"max-image-preview:large","max-video-preview":"max-video-preview:-1"},"canonical":"https:\/\/anchor.ee\/en\/welding\/","og_locale":"en_GB","og_type":"article","og_title":"Keevitust\u00f6\u00f6d - Anchor Metal Works","og_description":"Pakume laia valikut keevitust\u00f6id, sealhulgas MIG ja TIG meetodeid, tagades t\u00e4psed ja tugevad \u00fchendused erinevatest metallidest, sealhulgas terasest ja alumiiniumist.","og_url":"https:\/\/anchor.ee\/en\/welding\/","og_site_name":"Anchor Metal Works","article_publisher":"https:\/\/www.facebook.com\/p\/Anchor-Valves-Fittings-O-100070870747424\/","article_modified_time":"2024-10-07T11:09:49+00:00","og_image":[{"width":300,"height":169,"url":"https:\/\/anchor.ee\/wp-content\/uploads\/2019\/10\/Artboard-2-e1727173379714.png","type":"image\/png"}],"twitter_card":"summary_large_image","twitter_misc":{"Estimated reading time":"3 minutes"},"schema":{"@context":"https:\/\/schema.org","@graph":[{"@type":"WebPage","@id":"https:\/\/anchor.ee\/keevitustood\/","url":"https:\/\/anchor.ee\/keevitustood\/","name":"Welding - Anchor Metal Works","isPartOf":{"@id":"https:\/\/anchor.ee\/#website"},"primaryImageOfPage":{"@id":"https:\/\/anchor.ee\/keevitustood\/#primaryimage"},"image":{"@id":"https:\/\/anchor.ee\/keevitustood\/#primaryimage"},"thumbnailUrl":"https:\/\/anchor.ee\/wp-content\/uploads\/2024\/10\/Anchor_must.svg","datePublished":"2020-02-20T15:47:47+00:00","dateModified":"2024-10-07T11:09:49+00:00","description":"We offer a wide range of welding services, including MIG and TIG methods, ensuring accurate and strong joints in a variety of metals, including steel and aluminium.","breadcrumb":{"@id":"https:\/\/anchor.ee\/keevitustood\/#breadcrumb"},"inLanguage":"en-GB","potentialAction":[{"@type":"ReadAction","target":["https:\/\/anchor.ee\/keevitustood\/"]}]},{"@type":"ImageObject","inLanguage":"en-GB","@id":"https:\/\/anchor.ee\/keevitustood\/#primaryimage","url":"https:\/\/anchor.ee\/wp-content\/uploads\/2024\/10\/Anchor_must.svg","contentUrl":"https:\/\/anchor.ee\/wp-content\/uploads\/2024\/10\/Anchor_must.svg","width":512,"height":512,"caption":"Logo"},{"@type":"BreadcrumbList","@id":"https:\/\/anchor.ee\/keevitustood\/#breadcrumb","itemListElement":[{"@type":"ListItem","position":1,"name":"Home","item":"https:\/\/anchor.ee\/"},{"@type":"ListItem","position":2,"name":"Keevitust\u00f6\u00f6d"}]},{"@type":"WebSite","@id":"https:\/\/anchor.ee\/#website","url":"https:\/\/anchor.ee\/","name":"Anchor Metal Works","description":"Creating value from metal","publisher":{"@id":"https:\/\/anchor.ee\/#organization"},"potentialAction":[{"@type":"SearchAction","target":{"@type":"EntryPoint","urlTemplate":"https:\/\/anchor.ee\/?s={search_term_string}"},"query-input":{"@type":"PropertyValueSpecification","valueRequired":true,"valueName":"search_term_string"}}],"inLanguage":"en-GB"},{"@type":"Organization","@id":"https:\/\/anchor.ee\/#organization","name":"Anchor Metal Works","url":"https:\/\/anchor.ee\/","logo":{"@type":"ImageObject","inLanguage":"en-GB","@id":"https:\/\/anchor.ee\/#\/schema\/logo\/image\/","url":"https:\/\/anchor.ee\/wp-content\/uploads\/2024\/10\/Anchor_must.svg","contentUrl":"https:\/\/anchor.ee\/wp-content\/uploads\/2024\/10\/Anchor_must.svg","width":512,"height":512,"caption":"Anchor Metal Works"},"image":{"@id":"https:\/\/anchor.ee\/#\/schema\/logo\/image\/"},"sameAs":["https:\/\/www.facebook.com\/p\/Anchor-Valves-Fittings-O-100070870747424\/"]}]}},"_links":{"self":[{"href":"https:\/\/anchor.ee\/en\/wp-json\/wp\/v2\/pages\/5708","targetHints":{"allow":["GET"]}}],"collection":[{"href":"https:\/\/anchor.ee\/en\/wp-json\/wp\/v2\/pages"}],"about":[{"href":"https:\/\/anchor.ee\/en\/wp-json\/wp\/v2\/types\/page"}],"author":[{"embeddable":true,"href":"https:\/\/anchor.ee\/en\/wp-json\/wp\/v2\/users\/1"}],"replies":[{"embeddable":true,"href":"https:\/\/anchor.ee\/en\/wp-json\/wp\/v2\/comments?post=5708"}],"version-history":[{"count":53,"href":"https:\/\/anchor.ee\/en\/wp-json\/wp\/v2\/pages\/5708\/revisions"}],"predecessor-version":[{"id":6961,"href":"https:\/\/anchor.ee\/en\/wp-json\/wp\/v2\/pages\/5708\/revisions\/6961"}],"wp:featuredmedia":[{"embeddable":true,"href":"https:\/\/anchor.ee\/en\/wp-json\/wp\/v2\/media\/6935"}],"wp:attachment":[{"href":"https:\/\/anchor.ee\/en\/wp-json\/wp\/v2\/media?parent=5708"}],"curies":[{"name":"wp","href":"https:\/\/api.w.org\/{rel}","templated":true}]}}